{"id":2555,"date":"2020-07-24T18:14:31","date_gmt":"2020-07-24T18:14:31","guid":{"rendered":"https:\/\/avadawebsites.wpengine.com\/nutritionist\/?page_id=9"},"modified":"2024-08-26T15:40:33","modified_gmt":"2024-08-26T13:40:33","slug":"about-2","status":"publish","type":"page","link":"https:\/\/mumissimo.pl\/?page_id=2555","title":{"rendered":"About"},"content":{"rendered":"<p><div class=\"fusion-fullwidth fullwidth-box fusion-builder-row-1 fusion-flex-container nonhundred-percent-fullwidth non-hundred-percent-height-scrolling\" style=\"--awb-border-radius-top-left:0px;--awb-border-radius-top-right:0px;--awb-border-radius-bottom-right:0px;--awb-border-radius-bottom-left:0px;--awb-padding-top:11vh;--awb-padding-bottom:0px;--awb-padding-top-medium:5vh;--awb-padding-bottom-medium:5vh;--awb-padding-top-small:54px;--awb-margin-bottom-small:0px;--awb-flex-wrap:wrap;\" ><div class=\"fusion-builder-row fusion-row fusion-flex-align-items-stretch fusion-flex-content-wrap\" style=\"max-width:1323px;margin-left: calc(-5% \/ 2 );margin-right: calc(-5% \/ 2 );\"><div class=\"fusion-layout-column fusion_builder_column fusion-builder-column-0 fusion-flex-column fusion-flex-align-self-center fusion-animated\" style=\"--awb-padding-top:85px;--awb-padding-bottom:120px;--awb-padding-top-medium:60px;--awb-padding-bottom-medium:0px;--awb-padding-top-small:0px;--awb-padding-bottom-small:0px;--awb-bg-size:cover;--awb-width-large:40%;--awb-margin-top-large:0px;--awb-spacing-right-large:0px;--awb-margin-bottom-large:86px;--awb-spacing-left-large:0%;--awb-width-medium:40%;--awb-order-medium:0;--awb-spacing-right-medium:0px;--awb-spacing-left-medium:0%;--awb-width-small:100%;--awb-order-small:1;--awb-spacing-right-small:2.375%;--awb-margin-bottom-small:0px;--awb-spacing-left-small:2.375%;\" data-animationType=\"fadeInUp\" data-animationDuration=\"1.0\" data-animationOffset=\"top-into-view\"><div class=\"fusion-column-wrapper fusion-column-has-shadow fusion-flex-justify-content-flex-start fusion-content-layout-row\"><div class=\"fusion-image-element fusion-no-medium-visibility fusion-no-large-visibility\" style=\"--awb-margin-bottom:40px;--awb-caption-title-font-family:var(--h2_typography-font-family);--awb-caption-title-font-weight:var(--h2_typography-font-weight);--awb-caption-title-font-style:var(--h2_typography-font-style);--awb-caption-title-size:var(--h2_typography-font-size);--awb-caption-title-transform:var(--h2_typography-text-transform);--awb-caption-title-line-height:var(--h2_typography-line-height);--awb-caption-title-letter-spacing:var(--h2_typography-letter-spacing);\"><span class=\" fusion-imageframe imageframe-none imageframe-1 hover-type-none\" style=\"border-radius:6px 6px 35px 6px;\"><img decoding=\"async\" width=\"683\" height=\"1024\" title=\"_MG_9935\" src=\"https:\/\/mumissimo.pl\/wp-content\/uploads\/2024\/08\/MG_9935-1-683x1024.jpg\" alt class=\"img-responsive wp-image-2627\" srcset=\"https:\/\/mumissimo.pl\/wp-content\/uploads\/2024\/08\/MG_9935-1-200x300.jpg 200w, https:\/\/mumissimo.pl\/wp-content\/uploads\/2024\/08\/MG_9935-1-400x600.jpg 400w, https:\/\/mumissimo.pl\/wp-content\/uploads\/2024\/08\/MG_9935-1-600x900.jpg 600w, https:\/\/mumissimo.pl\/wp-content\/uploads\/2024\/08\/MG_9935-1-800x1200.jpg 800w, https:\/\/mumissimo.pl\/wp-content\/uploads\/2024\/08\/MG_9935-1-1200x1800.jpg 1200w, https:\/\/mumissimo.pl\/wp-content\/uploads\/2024\/08\/MG_9935-1-scaled.jpg 1707w\" sizes=\"(max-width: 1024px) 100vw, (max-width: 740px) 100vw, 600px\" \/><\/span><\/div><div class=\"fusion-title title fusion-title-1 fusion-sep-none fusion-title-text fusion-title-size-two fusion-animated\" style=\"--awb-margin-bottom:55px;--awb-margin-bottom-small:40px;--awb-font-size:43px;\" data-animationType=\"revealInLeft\" data-animationDuration=\"0.3\" data-animationOffset=\"top-into-view\"><h2 class=\"fusion-title-heading title-heading-left fusion-responsive-typography-calculated\" style=\"font-family:&quot;Nunito Sans&quot;;font-style:normal;font-weight:400;margin:0;font-size:1em;--fontSize:43;line-height:1.35;\">Ciao, hi, hallo!<br \/>Cze\u015b\u0107, mam na imi\u0119 Magda<\/h2><\/div><div class=\"fusion-text fusion-text-1 fusion-no-small-visibility fusion-no-medium-visibility\" style=\"--awb-text-font-family:&quot;Nunito Sans&quot;;--awb-text-font-style:normal;--awb-text-font-weight:300;\"><p>Za\u0142o\u017cy\u0142am Mumissimo, bo wierz\u0119, \u017ce nauka j\u0119zyk\u00f3w obcych jest wa\u017cna oraz mo\u017ce by\u0107 wspania\u0142\u0105 przygod\u0105 i do\u015bwiadczeniem. Chc\u0119 by szko\u0142a by\u0142a miejscem, gdzie j\u0119zyk\u00f3w mo\u017cna uczy\u0107 si\u0119 z rado\u015bci\u0105, w bezstresowej i kreatywnej atmosferze. Pomagam dzieciom poznawa\u0107 j\u0119zyk w\u0142oski i angielski oraz pokazywa\u0107 im \u015bwiat w tych w\u0142a\u015bnie j\u0119zykach, naturalnie! Doros\u0142ym chc\u0119 pokaza\u0107, \u017ce podr\u00f3\u017cowanie do W\u0142och(i nie tylko!) komunikuj\u0105c si\u0119 w j\u0119zyku w\u0142oskim mo\u017ce by\u0107 jeszcze przyjemniejsze.<\/p>\n<\/div><div class=\"fusion-text fusion-text-2 fusion-no-large-visibility\" style=\"--awb-text-font-family:&quot;Nunito Sans&quot;;--awb-text-font-style:normal;--awb-text-font-weight:200;\"><p>Za\u0142o\u017cy\u0142am Mumissimo, bo wierz\u0119, \u017ce nauka j\u0119zyk\u00f3w obcych jest wa\u017cna oraz mo\u017ce by\u0107 wspania\u0142\u0105 przygod\u0105 i do\u015bwiadczeniem. Chc\u0119 by szko\u0142a by\u0142a miejscem, gdzie j\u0119zyk\u00f3w mo\u017cna uczy\u0107 si\u0119 z rado\u015bci\u0105, w bezstresowej i kreatywnej atmosferze. Pomagam dzieciom poznawa\u0107 j\u0119zyk w\u0142oski i angielski oraz pokazywa\u0107 im \u015bwiat w tych w\u0142a\u015bnie j\u0119zykach, naturalnie! Doros\u0142ym chc\u0119 pokaza\u0107, \u017ce podr\u00f3\u017cowanie do W\u0142och(i nie tylko!) komunikuj\u0105c si\u0119 w j\u0119zyku w\u0142oskim mo\u017ce by\u0107 jeszcze przyjemniejsze.<\/p>\n<\/div><div class=\"fusion-separator fusion-full-width-sep\" style=\"align-self: center;margin-left: auto;margin-right: auto;margin-bottom:20px;width:100%;\"><\/div><\/div><\/div><div class=\"fusion-layout-column fusion_builder_column fusion-builder-column-1 fusion-flex-column fusion-no-small-visibility\" style=\"--awb-bg-size:cover;--awb-width-large:10%;--awb-margin-top-large:50px;--awb-spacing-right-large:-100px;--awb-margin-bottom-large:20px;--awb-spacing-left-large:50px;--awb-width-medium:10%;--awb-order-medium:0;--awb-spacing-right-medium:-100px;--awb-spacing-left-medium:50px;--awb-width-small:100%;--awb-order-small:2;--awb-spacing-right-small:2.375%;--awb-spacing-left-small:2.375%;\"><div class=\"fusion-column-wrapper fusion-column-has-shadow fusion-flex-justify-content-flex-start fusion-content-layout-column\"><div class=\"fusion-image-element \" style=\"--awb-caption-title-font-family:var(--h2_typography-font-family);--awb-caption-title-font-weight:var(--h2_typography-font-weight);--awb-caption-title-font-style:var(--h2_typography-font-style);--awb-caption-title-size:var(--h2_typography-font-size);--awb-caption-title-transform:var(--h2_typography-text-transform);--awb-caption-title-line-height:var(--h2_typography-line-height);--awb-caption-title-letter-spacing:var(--h2_typography-letter-spacing);\"><span class=\" fusion-imageframe imageframe-none imageframe-2 hover-type-none fusion-animated\" data-animationType=\"zoomIn\" data-animationDuration=\"1.2\" data-animationOffset=\"top-into-view\"><img decoding=\"async\" width=\"548\" height=\"502\" title=\"Zas\u00f3b 1\" src=\"https:\/\/mumissimo.pl\/wp-content\/uploads\/2024\/08\/Zasob-1.png\" alt class=\"img-responsive wp-image-2630\" srcset=\"https:\/\/mumissimo.pl\/wp-content\/uploads\/2024\/08\/Zasob-1-200x183.png 200w, https:\/\/mumissimo.pl\/wp-content\/uploads\/2024\/08\/Zasob-1-400x366.png 400w, https:\/\/mumissimo.pl\/wp-content\/uploads\/2024\/08\/Zasob-1.png 548w\" sizes=\"(max-width: 1024px) 100vw, (max-width: 740px) 100vw, 548px\" \/><\/span><\/div><\/div><\/div><div class=\"fusion-layout-column fusion_builder_column fusion-builder-column-2 fusion-flex-column fusion-no-small-visibility\" style=\"--awb-overflow:hidden;--awb-bg-image:url(&#039;https:\/\/mumissimo.pl\/wp-content\/uploads\/2024\/08\/MG_9935-1-scaled.jpg&#039;);--awb-bg-position:center center;--awb-bg-size:cover;--awb-box-shadow:0px 20px 80px 0px hsla(var(--awb-color2-h),var(--awb-color2-s),calc(var(--awb-color2-l) - 8%),calc(var(--awb-color2-a) - 50%));;--awb-border-radius:6px 6px 6px 80px;--awb-width-large:50%;--awb-margin-top-large:0px;--awb-spacing-right-large:4.75%;--awb-margin-bottom-large:0px;--awb-spacing-left-large:-20px;--awb-width-medium:50%;--awb-order-medium:0;--awb-spacing-right-medium:4.75%;--awb-spacing-left-medium:-20px;--awb-width-small:100%;--awb-order-small:0;--awb-spacing-right-small:2.375%;--awb-spacing-left-small:2.375%;\"><div class=\"fusion-column-wrapper fusion-column-has-shadow fusion-flex-justify-content-flex-end fusion-content-layout-column fusion-empty-column-bg-image fusion-column-has-bg-image\" data-bg-url=\"https:\/\/mumissimo.pl\/wp-content\/uploads\/2024\/08\/MG_9935-1-scaled.jpg\"><img decoding=\"async\" class=\"fusion-empty-dims-img-placeholder fusion-no-large-visibility fusion-no-medium-visibility\" src=\"data:image\/svg+xml,%3Csvg%20xmlns%3D%27http%3A%2F%2Fwww.w3.org%2F2000%2Fsvg%27%20width%3D%271707%27%20height%3D%272560%27%20viewBox%3D%270%200%201707%202560%27%3E%3Crect%20width%3D%271707%27%20height%3D%272560%27%20fill-opacity%3D%220%22%2F%3E%3C%2Fsvg%3E\"><\/div><\/div><\/div><\/div><div class=\"fusion-fullwidth fullwidth-box fusion-builder-row-2 fusion-flex-container has-pattern-background has-mask-background nonhundred-percent-fullwidth non-hundred-percent-height-scrolling\" style=\"--awb-border-radius-top-left:0px;--awb-border-radius-top-right:0px;--awb-border-radius-bottom-right:0px;--awb-border-radius-bottom-left:0px;--awb-flex-wrap:wrap;\" ><div class=\"fusion-builder-row fusion-row fusion-flex-align-items-flex-start fusion-flex-content-wrap\" style=\"max-width:1323px;margin-left: calc(-5% \/ 2 );margin-right: calc(-5% \/ 2 );\"><div class=\"fusion-layout-column fusion_builder_column fusion-builder-column-3 fusion_builder_column_1_1 1_1 fusion-flex-column\" style=\"--awb-bg-size:cover;--awb-width-large:100%;--awb-margin-top-large:68px;--awb-spacing-right-large:2.375%;--awb-margin-bottom-large:20px;--awb-spacing-left-large:2.375%;--awb-width-medium:100%;--awb-order-medium:0;--awb-spacing-right-medium:2.375%;--awb-spacing-left-medium:2.375%;--awb-width-small:100%;--awb-order-small:0;--awb-spacing-right-small:2.375%;--awb-spacing-left-small:2.375%;\"><div class=\"fusion-column-wrapper fusion-column-has-shadow fusion-flex-justify-content-flex-start fusion-content-layout-column\"><div class=\"fusion-text fusion-text-3\" style=\"--awb-font-size:24px;--awb-text-font-family:&quot;Nunito Sans&quot;;--awb-text-font-style:normal;--awb-text-font-weight:200;\"><p style=\"text-align: center;\">Mumissimo jest miejscem, gdzie nauka j\u0119zyk\u00f3w idzie w parze z poznawaniem kultur, z kt\u00f3rych pochodz\u0105. Dla nas wa\u017cne jest by znajomo\u015b\u0107 j\u0119zyka pomog\u0142a Ci w poznawaniu \u015bwiata i komunikowaniu si\u0119 z lud\u017ami.<\/p>\n<\/div><\/div><\/div><\/div><\/div><div class=\"fusion-fullwidth fullwidth-box fusion-builder-row-3 fusion-flex-container has-pattern-background has-mask-background nonhundred-percent-fullwidth non-hundred-percent-height-scrolling\" style=\"--awb-border-radius-top-left:0px;--awb-border-radius-top-right:0px;--awb-border-radius-bottom-right:0px;--awb-border-radius-bottom-left:0px;--awb-flex-wrap:wrap;\" ><div class=\"fusion-builder-row fusion-row fusion-flex-align-items-flex-start fusion-flex-content-wrap\" style=\"max-width:1323px;margin-left: calc(-5% \/ 2 );margin-right: calc(-5% \/ 2 );\"><div class=\"fusion-layout-column fusion_builder_column fusion-builder-column-4 fusion_builder_column_1_1 1_1 fusion-flex-column\" style=\"--awb-padding-top:76px;--awb-bg-size:cover;--awb-width-large:100%;--awb-margin-top-large:0px;--awb-spacing-right-large:2.375%;--awb-margin-bottom-large:109px;--awb-spacing-left-large:2.375%;--awb-width-medium:100%;--awb-order-medium:0;--awb-spacing-right-medium:2.375%;--awb-spacing-left-medium:2.375%;--awb-width-small:100%;--awb-order-small:0;--awb-spacing-right-small:2.375%;--awb-spacing-left-small:2.375%;\"><div class=\"fusion-column-wrapper fusion-column-has-shadow fusion-flex-justify-content-flex-start fusion-content-layout-column\"><div class=\"awb-circles-info\" style=\"--awb-max-width:700px;--awb-icon-circle-color:#e2e2e2;--awb-content-circle-color:#e2e2e2;--awb-content-padding:60px;--awb-icon-size:25px;--awb-icon-color:#ffffff;--awb-icon-bg-color:#acb884;--awb-icon-active-color:#ffffff;--awb-icon-bg-active-color:#ffd07b;--awb-title-font-size:36px;--awb-title-letter-spacing:0px;--awb-title-color:#240e48;--awb-title-hover-color:var(--awb-custom_color_2);--awb-content-font-size:18px;--awb-content-line-height:1.2px;--awb-content-letter-spacing:0px;--awb-gradient-start-position:0%;--awb-gradient-end-position:100%;--awb-linear-angle:180deg;--awb-radial-direction:circle at center center;--awb-content-text-transform:var(--awb-typography4-text-transform);--awb-title-text-transform:var(--awb-typography1-text-transform);--awb-title-line-height:1.2;--awb-title-font-family:&quot;Joan&quot;;--awb-title-font-style:normal;--awb-title-font-weight:400;--awb-content-font-family:&quot;Plus Jakarta Sans&quot;;--awb-content-font-style:normal;--awb-content-font-weight:400;\" data-auto-rotation=\"yes\" data-auto-rotation-time=\"2900\" data-pause-on-hover=\"yes\" data-activation-type=\"click\"><div class=\"awb-circles-info-wrapper\"><div class=\"awb-circles-info-icons-wrapper\"><div class=\"awb-circles-info-tab-link\" data-id=\"1\"><span><i class=\"fa-candy-cane fas\"><\/i><\/span><\/div><div class=\"awb-circles-info-tab-link\" data-id=\"2\"><span><i class=\"fa-child fas\"><\/i><\/span><\/div><div class=\"awb-circles-info-tab-link\" data-id=\"3\"><span><i class=\"fa-archway fas\"><\/i><\/span><\/div><div class=\"awb-circles-info-tab-link\" data-id=\"4\"><span><i class=\"fa-user-friends fas\"><\/i><\/span><\/div><div class=\"awb-circles-info-tab-link\" data-id=\"5\"><span><i class=\"fa-bullhorn fas\"><\/i><\/span><\/div><div class=\"awb-circles-info-tab-link\" data-id=\"6\"><span><i class=\"fa-caravan fas\"><\/i><\/span><\/div><div class=\"awb-circles-info-tab-link\" data-id=\"7\"><span><i class=\"fa-chalkboard-teacher fas\"><\/i><\/span><\/div><\/div><div class=\"awb-circles-info-content-wrapper\"><div class=\"awb-circle-info awb-circles-info-content-area awb-circle-info-1\" data-id=\"1\" style=\"--awb-title-font-size:23px;--awb-title-hover-color:#acb884;--awb-content-text-transform:uppercase;--awb-title-text-transform:uppercase;--awb-title-font-family:&quot;Nunito Sans&quot;;--awb-title-font-style:normal;--awb-title-font-weight:400;\"><div class=\"awb-circles-info-title\"><a href=\"#\" target=\"_self\">dla uczni\u00f3w, kt\u00f3rzy maj\u0105 dosy\u0107 tradycyjnych, szkolnych metod nauki<\/a><\/div><div class=\"awb-circles-info-text\"><br \/>\n<\/div><\/div><div class=\"awb-circle-info awb-circles-info-content-area awb-circle-info-2\" data-id=\"2\" style=\"--awb-title-font-size:23px;--awb-title-text-transform:uppercase;--awb-title-font-family:&quot;Nunito Sans&quot;;--awb-title-font-style:normal;--awb-title-font-weight:400;\"><div class=\"awb-circles-info-title\"><a href=\"#\" target=\"_self\">dla os\u00f3b, kt\u00f3rzy chc\u0105 w ko\u0144cu zacz\u0105\u0107 m\u00f3wi\u0107 w j\u0119zyku obcym albo po prostu chc\u0105 po\u0107wiczy\u0107 komunikacj\u0119<\/a><\/div><div class=\"awb-circles-info-text\">\n<\/div><\/div><div class=\"awb-circle-info awb-circles-info-content-area awb-circle-info-3\" data-id=\"3\" style=\"--awb-title-font-size:23px;--awb-title-text-transform:uppercase;--awb-title-font-family:&quot;Nunito Sans&quot;;--awb-title-font-style:normal;--awb-title-font-weight:400;\"><div class=\"awb-circles-info-title\"><a href=\"#\" target=\"_self\">dla os\u00f3b, kt\u00f3re chc\u0105 czerpa\u0107 przyjemno\u015b\u0107 z poznawania j\u0119zyka obcego<\/a><\/div><div class=\"awb-circles-info-text\">\n<\/div><\/div><div class=\"awb-circle-info awb-circles-info-content-area awb-circle-info-4\" data-id=\"4\" style=\"--awb-title-font-size:23px;--awb-title-text-transform:uppercase;--awb-title-font-family:&quot;Nunito Sans&quot;;--awb-title-font-style:normal;--awb-title-font-weight:400;\"><div class=\"awb-circles-info-title\"><a href=\"#\" target=\"_self\">dla os\u00f3b, kt\u00f3rym nie jest \u0142atwo samodzielnie zmotywowa\u0107 si\u0119 do nauki<\/a><\/div><div class=\"awb-circles-info-text\">\n<\/div><\/div><div class=\"awb-circle-info awb-circles-info-content-area awb-circle-info-5\" data-id=\"5\" style=\"--awb-title-font-size:23px;--awb-title-text-transform:uppercase;--awb-title-font-family:&quot;Nunito Sans&quot;;--awb-title-font-style:normal;--awb-title-font-weight:400;\"><div class=\"awb-circles-info-title\"><a href=\"#\" target=\"_self\">dla tych, kt\u00f3rzy chc\u0105 czego\u015b wi\u0119cej ni\u017c suchej nauki s\u0142\u00f3wek<\/a><\/div><div class=\"awb-circles-info-text\"><br \/>\n<\/div><\/div><div class=\"awb-circle-info awb-circles-info-content-area awb-circle-info-6\" data-id=\"6\" style=\"--awb-title-font-size:23px;--awb-title-text-transform:uppercase;--awb-title-font-family:&quot;Nunito Sans&quot;;--awb-title-font-style:normal;--awb-title-font-weight:400;\"><div class=\"awb-circles-info-title\"><a href=\"#\" target=\"_self\">dla ma\u0142ych i du\u017cych podr\u00f3\u017cnik\u00f3w<\/a><\/div><div class=\"awb-circles-info-text\">\n<\/div><\/div><div class=\"awb-circle-info awb-circles-info-content-area awb-circle-info-7\" data-id=\"7\" style=\"--awb-title-font-size:23px;--awb-title-text-transform:uppercase;--awb-title-font-family:&quot;Nunito Sans&quot;;--awb-title-font-style:normal;--awb-title-font-weight:400;\"><div class=\"awb-circles-info-title\"><a href=\"#\" target=\"_self\">dla tych, kt\u00f3rzy wiedz\u0105, \u017ce znajomo\u015b\u0107 j\u0119zyka jest po prostu wa\u017cna<\/a><\/div><\/div><\/div><\/div><\/div><\/div><\/div><\/div><\/div><\/p>\n","protected":false},"excerpt":{"rendered":"","protected":false},"author":1,"featured_media":0,"parent":0,"menu_order":0,"comment_status":"closed","ping_status":"closed","template":"100-width.php","meta":{"_acf_changed":false,"footnotes":""},"class_list":["post-2555","page","type-page","status-publish","hentry"],"acf":[],"_links":{"self":[{"href":"https:\/\/mumissimo.pl\/index.php?rest_route=\/wp\/v2\/pages\/2555","targetHints":{"allow":["GET"]}}],"collection":[{"href":"https:\/\/mumissimo.pl\/index.php?rest_route=\/wp\/v2\/pages"}],"about":[{"href":"https:\/\/mumissimo.pl\/index.php?rest_route=\/wp\/v2\/types\/page"}],"author":[{"embeddable":true,"href":"https:\/\/mumissimo.pl\/index.php?rest_route=\/wp\/v2\/users\/1"}],"replies":[{"embeddable":true,"href":"https:\/\/mumissimo.pl\/index.php?rest_route=%2Fwp%2Fv2%2Fcomments&post=2555"}],"version-history":[{"count":32,"href":"https:\/\/mumissimo.pl\/index.php?rest_route=\/wp\/v2\/pages\/2555\/revisions"}],"predecessor-version":[{"id":2897,"href":"https:\/\/mumissimo.pl\/index.php?rest_route=\/wp\/v2\/pages\/2555\/revisions\/2897"}],"wp:attachment":[{"href":"https:\/\/mumissimo.pl\/index.php?rest_route=%2Fwp%2Fv2%2Fmedia&parent=2555"}],"curies":[{"name":"wp","href":"https:\/\/api.w.org\/{rel}","templated":true}]}}