{"id":2860,"date":"2024-08-20T14:44:06","date_gmt":"2024-08-20T12:44:06","guid":{"rendered":"https:\/\/mumissimo.pl\/?page_id=2860"},"modified":"2024-08-27T21:27:05","modified_gmt":"2024-08-27T19:27:05","slug":"oferta-dorosli","status":"publish","type":"page","link":"https:\/\/mumissimo.pl\/?page_id=2860","title":{"rendered":"Oferta M\u0142odzie\u017c i doro\u015bli"},"content":{"rendered":"<p><div class=\"fusion-fullwidth fullwidth-box fusion-builder-row-1 fusion-flex-container nonhundred-percent-fullwidth non-hundred-percent-height-scrolling\" style=\"--awb-border-radius-top-left:0px;--awb-border-radius-top-right:0px;--awb-border-radius-bottom-right:0px;--awb-border-radius-bottom-left:0px;--awb-padding-top:11vh;--awb-padding-bottom:0px;--awb-padding-top-medium:5vh;--awb-padding-bottom-medium:5vh;--awb-padding-top-small:54px;--awb-margin-bottom-small:0px;--awb-flex-wrap:wrap;\" ><div class=\"fusion-builder-row fusion-row fusion-flex-align-items-stretch fusion-flex-content-wrap\" style=\"max-width:1323px;margin-left: calc(-5% \/ 2 );margin-right: calc(-5% \/ 2 );\"><div class=\"fusion-layout-column fusion_builder_column fusion-builder-column-0 fusion-flex-column fusion-flex-align-self-center fusion-animated\" style=\"--awb-padding-top:85px;--awb-padding-bottom:120px;--awb-padding-top-medium:60px;--awb-padding-bottom-medium:0px;--awb-padding-top-small:0px;--awb-padding-bottom-small:0px;--awb-bg-size:cover;--awb-width-large:40%;--awb-margin-top-large:0px;--awb-spacing-right-large:0px;--awb-margin-bottom-large:86px;--awb-spacing-left-large:0%;--awb-width-medium:40%;--awb-order-medium:0;--awb-spacing-right-medium:0px;--awb-spacing-left-medium:0%;--awb-width-small:100%;--awb-order-small:1;--awb-spacing-right-small:2.375%;--awb-margin-bottom-small:0px;--awb-spacing-left-small:2.375%;\" data-animationType=\"fadeInUp\" data-animationDuration=\"1.0\" data-animationOffset=\"top-into-view\"><div class=\"fusion-column-wrapper fusion-column-has-shadow fusion-flex-justify-content-flex-start fusion-content-layout-row\"><div class=\"fusion-image-element fusion-no-medium-visibility fusion-no-large-visibility\" style=\"--awb-margin-bottom:40px;--awb-caption-title-font-family:var(--h2_typography-font-family);--awb-caption-title-font-weight:var(--h2_typography-font-weight);--awb-caption-title-font-style:var(--h2_typography-font-style);--awb-caption-title-size:var(--h2_typography-font-size);--awb-caption-title-transform:var(--h2_typography-text-transform);--awb-caption-title-line-height:var(--h2_typography-line-height);--awb-caption-title-letter-spacing:var(--h2_typography-letter-spacing);\"><span class=\" fusion-imageframe imageframe-none imageframe-1 hover-type-none\" style=\"border-radius:6px 6px 35px 6px;\"><img decoding=\"async\" width=\"683\" height=\"1024\" title=\"Pion_1\" src=\"https:\/\/mumissimo.pl\/wp-content\/uploads\/2024\/08\/Pion_1-683x1024.jpg\" alt class=\"img-responsive wp-image-2865\" srcset=\"https:\/\/mumissimo.pl\/wp-content\/uploads\/2024\/08\/Pion_1-200x300.jpg 200w, https:\/\/mumissimo.pl\/wp-content\/uploads\/2024\/08\/Pion_1-400x600.jpg 400w, https:\/\/mumissimo.pl\/wp-content\/uploads\/2024\/08\/Pion_1-600x900.jpg 600w, https:\/\/mumissimo.pl\/wp-content\/uploads\/2024\/08\/Pion_1-800x1200.jpg 800w, https:\/\/mumissimo.pl\/wp-content\/uploads\/2024\/08\/Pion_1-1200x1800.jpg 1200w, https:\/\/mumissimo.pl\/wp-content\/uploads\/2024\/08\/Pion_1-scaled.jpg 1707w\" sizes=\"(max-width: 1024px) 100vw, (max-width: 740px) 100vw, 600px\" \/><\/span><\/div><div class=\"fusion-title title fusion-title-1 fusion-sep-none fusion-title-text fusion-title-size-two fusion-animated\" style=\"--awb-margin-bottom:55px;--awb-margin-bottom-small:40px;--awb-font-size:43px;\" data-animationType=\"revealInLeft\" data-animationDuration=\"0.3\" data-animationOffset=\"top-into-view\"><h2 class=\"fusion-title-heading title-heading-left fusion-responsive-typography-calculated\" style=\"font-family:&quot;Nunito Sans&quot;;font-style:normal;font-weight:700;margin:0;font-size:1em;--fontSize:43;line-height:1.35;\">Rozwijaj swoje pasje \u2013 Nauka j\u0119zyk\u00f3w dla ka\u017cdego<\/h2><\/div><div class=\"fusion-text fusion-text-1 fusion-no-small-visibility fusion-no-medium-visibility\" style=\"--awb-text-font-family:&quot;Nunito Sans&quot;;--awb-text-font-style:normal;--awb-text-font-weight:200;\"><p style=\"font-weight: 400;\">Mumissimo to tak\u017ce miejsce, w kt\u00f3rym nauczymy Ci\u0119 jak rozmawia\u0107 w innym j\u0119zyku o tym co Ci\u0119 interesuje i co jest dla Ciebie wa\u017cne. Chcemy Ci\u0119 pozna\u0107, by nieustannie motywowa\u0107 i wspiera\u0107 w nauce j\u0119zyka, niezale\u017cnie od tego na jakim etapie jego nauki i znajomo\u015bci jeste\u015b.<\/p>\n<div>Wyje\u017cd\u017casz na wakacje, a mo\u017ce na wymian\u0119 zagraniczn\u0105? Potrzebujesz j\u0119zyka obcego w swojej pracy? A mo\u017ce po prostu chcesz mie\u0107 now\u0105 pasj\u0119? Ka\u017cdy pow\u00f3d jest dobry, bo nauka j\u0119zyka mo\u017ce by\u0107 przyjemna i dawa\u0107 naprawd\u0119 du\u017co satysfakcji oraz dodawa\u0107 pewno\u015bci siebie!<\/div>\n<div>&nbsp;<\/div>\n<div>Pracujemy nad poszerzeniem oferty o kolejne j\u0119zyki.<\/div>\n<div>Szczeg\u00f3\u0142y wkr\u00f3tce.&nbsp;<\/div>\n<\/div><div class=\"fusion-text fusion-text-2 fusion-no-large-visibility\" style=\"--awb-text-font-family:&quot;Nunito Sans&quot;;--awb-text-font-style:normal;--awb-text-font-weight:300;\"><p>Mumissimo to tak\u017ce miejsce, w kt\u00f3rym nauczymy Ci\u0119 jak rozmawia\u0107 w innym j\u0119zyku o tym co Ci\u0119 interesuje i co jest dla Ciebie wa\u017cne. Chcemy Ci\u0119 pozna\u0107, by nieustannie motywowa\u0107 i wspiera\u0107 w nauce j\u0119zyka, niezale\u017cnie od tego na jakim etapie jego nauki i znajomo\u015bci jeste\u015b.<\/p>\n<div>Wyje\u017cd\u017casz na wakacje, a mo\u017ce na wymian\u0119 zagraniczn\u0105? Potrzebujesz j\u0119zyka obcego w swojej pracy? A mo\u017ce po prostu chcesz mie\u0107 now\u0105 pasj\u0119? Ka\u017cdy pow\u00f3d jest dobry, bo nauka j\u0119zyka mo\u017ce by\u0107 przyjemna i dawa\u0107 naprawd\u0119 du\u017co satysfakcji oraz dodawa\u0107 pewno\u015bci siebie!<\/div>\n<div>&nbsp;<\/div>\n<div>Pracujemy nad poszerzeniem oferty o kolejne j\u0119zyki.<\/div>\n<div>Szczeg\u00f3\u0142y wkr\u00f3tce.&nbsp;<\/div>\n<\/div><div class=\"fusion-separator fusion-full-width-sep\" style=\"align-self: center;margin-left: auto;margin-right: auto;margin-bottom:20px;width:100%;\"><\/div><\/div><\/div><div class=\"fusion-layout-column fusion_builder_column fusion-builder-column-1 fusion-flex-column fusion-no-small-visibility\" style=\"--awb-bg-size:cover;--awb-width-large:10%;--awb-margin-top-large:50px;--awb-spacing-right-large:-100px;--awb-margin-bottom-large:20px;--awb-spacing-left-large:50px;--awb-width-medium:10%;--awb-order-medium:0;--awb-spacing-right-medium:-100px;--awb-spacing-left-medium:50px;--awb-width-small:100%;--awb-order-small:2;--awb-spacing-right-small:2.375%;--awb-spacing-left-small:2.375%;\"><div class=\"fusion-column-wrapper fusion-column-has-shadow fusion-flex-justify-content-flex-start fusion-content-layout-column\"><div class=\"fusion-image-element \" style=\"--awb-caption-title-font-family:var(--h2_typography-font-family);--awb-caption-title-font-weight:var(--h2_typography-font-weight);--awb-caption-title-font-style:var(--h2_typography-font-style);--awb-caption-title-size:var(--h2_typography-font-size);--awb-caption-title-transform:var(--h2_typography-text-transform);--awb-caption-title-line-height:var(--h2_typography-line-height);--awb-caption-title-letter-spacing:var(--h2_typography-letter-spacing);\"><span class=\" fusion-imageframe imageframe-none imageframe-2 hover-type-none fusion-animated\" data-animationType=\"zoomIn\" data-animationDuration=\"1.2\" data-animationOffset=\"top-into-view\"><img decoding=\"async\" width=\"548\" height=\"502\" title=\"Zas\u00f3b 1\" src=\"https:\/\/mumissimo.pl\/wp-content\/uploads\/2024\/08\/Zasob-1.png\" alt class=\"img-responsive wp-image-2630\" srcset=\"https:\/\/mumissimo.pl\/wp-content\/uploads\/2024\/08\/Zasob-1-200x183.png 200w, https:\/\/mumissimo.pl\/wp-content\/uploads\/2024\/08\/Zasob-1-400x366.png 400w, https:\/\/mumissimo.pl\/wp-content\/uploads\/2024\/08\/Zasob-1.png 548w\" sizes=\"(max-width: 1024px) 100vw, (max-width: 740px) 100vw, 548px\" \/><\/span><\/div><\/div><\/div><div class=\"fusion-layout-column fusion_builder_column fusion-builder-column-2 fusion-flex-column fusion-no-small-visibility\" style=\"--awb-padding-bottom:19px;--awb-overflow:hidden;--awb-bg-image:url(&#039;https:\/\/mumissimo.pl\/wp-content\/uploads\/2024\/08\/Pion_1-683x1024.jpg&#039;);--awb-bg-position:center center;--awb-bg-size:cover;--awb-box-shadow:0px 20px 80px 0px hsla(var(--awb-color2-h),var(--awb-color2-s),calc(var(--awb-color2-l) - 8%),calc(var(--awb-color2-a) - 50%));;--awb-border-radius:320px 320px 6px 6px;--awb-width-large:50%;--awb-margin-top-large:0px;--awb-spacing-right-large:4.75%;--awb-margin-bottom-large:0px;--awb-spacing-left-large:-20px;--awb-width-medium:50%;--awb-order-medium:0;--awb-spacing-right-medium:4.75%;--awb-spacing-left-medium:-20px;--awb-width-small:100%;--awb-order-small:0;--awb-spacing-right-small:2.375%;--awb-spacing-left-small:2.375%;\"><div class=\"fusion-column-wrapper fusion-column-has-shadow fusion-flex-justify-content-flex-end fusion-content-layout-column fusion-empty-column-bg-image fusion-column-has-bg-image\" data-bg-url=\"https:\/\/mumissimo.pl\/wp-content\/uploads\/2024\/08\/Pion_1-683x1024.jpg\"><img decoding=\"async\" class=\"fusion-empty-dims-img-placeholder fusion-no-large-visibility fusion-no-medium-visibility\" src=\"data:image\/svg+xml,%3Csvg%20xmlns%3D%27http%3A%2F%2Fwww.w3.org%2F2000%2Fsvg%27%20width%3D%27683%27%20height%3D%271024%27%20viewBox%3D%270%200%20683%201024%27%3E%3Crect%20width%3D%27683%27%20height%3D%271024%27%20fill-opacity%3D%220%22%2F%3E%3C%2Fsvg%3E\"><\/div><\/div><\/div><\/div><div class=\"fusion-fullwidth fullwidth-box fusion-builder-row-2 fusion-flex-container has-pattern-background has-mask-background nonhundred-percent-fullwidth non-hundred-percent-height-scrolling\" style=\"--awb-border-radius-top-left:0px;--awb-border-radius-top-right:0px;--awb-border-radius-bottom-right:0px;--awb-border-radius-bottom-left:0px;--awb-flex-wrap:wrap;\" ><div class=\"fusion-builder-row fusion-row fusion-flex-align-items-flex-start fusion-flex-content-wrap\" style=\"max-width:1323px;margin-left: calc(-5% \/ 2 );margin-right: calc(-5% \/ 2 );\"><div class=\"fusion-layout-column fusion_builder_column fusion-builder-column-3 fusion_builder_column_1_2 1_2 fusion-flex-column\" style=\"--awb-bg-size:cover;--awb-width-large:50%;--awb-margin-top-large:0px;--awb-spacing-right-large:4.75%;--awb-margin-bottom-large:20px;--awb-spacing-left-large:4.75%;--awb-width-medium:100%;--awb-order-medium:0;--awb-spacing-right-medium:2.375%;--awb-spacing-left-medium:2.375%;--awb-width-small:100%;--awb-order-small:0;--awb-spacing-right-small:2.375%;--awb-spacing-left-small:2.375%;\"><div class=\"fusion-column-wrapper fusion-column-has-shadow fusion-flex-justify-content-flex-start fusion-content-layout-column\"><div class=\"fusion-title title fusion-title-2 fusion-sep-none fusion-title-text fusion-title-size-one\"><h1 class=\"fusion-title-heading title-heading-left fusion-responsive-typography-calculated\" style=\"font-family:&quot;Nunito Sans&quot;;font-style:normal;font-weight:200;margin:0;--fontSize:64;line-height:var(--awb-typography1-line-height);\"><p style=\"text-align: left;\">W\u0142oski<\/p><\/h1><\/div><div class=\"fusion-text fusion-text-3\"><p>Zaj\u0119cia grupowe i indywidualne stacjonarnie lub online<\/p>\n<\/div><\/div><\/div><div class=\"fusion-layout-column fusion_builder_column fusion-builder-column-4 fusion_builder_column_1_2 1_2 fusion-flex-column\" style=\"--awb-bg-size:cover;--awb-width-large:50%;--awb-margin-top-large:0px;--awb-spacing-right-large:4.75%;--awb-margin-bottom-large:20px;--awb-spacing-left-large:4.75%;--awb-width-medium:100%;--awb-order-medium:0;--awb-spacing-right-medium:2.375%;--awb-spacing-left-medium:2.375%;--awb-width-small:100%;--awb-order-small:0;--awb-spacing-right-small:2.375%;--awb-spacing-left-small:2.375%;\"><div class=\"fusion-column-wrapper fusion-column-has-shadow fusion-flex-justify-content-flex-start fusion-content-layout-column\"><\/div><\/div><\/div><\/div><div class=\"fusion-fullwidth fullwidth-box fusion-builder-row-3 fusion-flex-container has-pattern-background has-mask-background nonhundred-percent-fullwidth non-hundred-percent-height-scrolling\" style=\"--awb-border-radius-top-left:0px;--awb-border-radius-top-right:0px;--awb-border-radius-bottom-right:0px;--awb-border-radius-bottom-left:0px;--awb-margin-bottom:111px;--awb-flex-wrap:wrap;\" ><div class=\"fusion-builder-row fusion-row fusion-flex-align-items-flex-start fusion-flex-content-wrap\" style=\"max-width:1323px;margin-left: calc(-5% \/ 2 );margin-right: calc(-5% \/ 2 );\"><div class=\"fusion-layout-column fusion_builder_column fusion-builder-column-5 fusion_builder_column_1_2 1_2 fusion-flex-column\" style=\"--awb-bg-size:cover;--awb-width-large:50%;--awb-margin-top-large:0px;--awb-spacing-right-large:4.75%;--awb-margin-bottom-large:20px;--awb-spacing-left-large:4.75%;--awb-width-medium:100%;--awb-order-medium:0;--awb-spacing-right-medium:2.375%;--awb-spacing-left-medium:2.375%;--awb-width-small:100%;--awb-order-small:0;--awb-spacing-right-small:2.375%;--awb-spacing-left-small:2.375%;\"><div class=\"fusion-column-wrapper fusion-column-has-shadow fusion-flex-justify-content-flex-start fusion-content-layout-column\"><div class=\"fusion-image-element \" style=\"--awb-mask-url: url(https:\/\/mumissimo.pl\/wp-content\/plugins\/fusion-builder\/\/assets\/images\/masks\/mask-14.svg);--awb-caption-title-font-family:var(--h2_typography-font-family);--awb-caption-title-font-weight:var(--h2_typography-font-weight);--awb-caption-title-font-style:var(--h2_typography-font-style);--awb-caption-title-size:var(--h2_typography-font-size);--awb-caption-title-transform:var(--h2_typography-text-transform);--awb-caption-title-line-height:var(--h2_typography-line-height);--awb-caption-title-letter-spacing:var(--h2_typography-letter-spacing);\"><span class=\" fusion-imageframe imageframe-none imageframe-3 hover-type-none has-mask\"><img decoding=\"async\" width=\"1024\" height=\"683\" title=\"Poziom_1\" src=\"https:\/\/mumissimo.pl\/wp-content\/uploads\/2024\/08\/Poziom_1-1024x683.jpg\" alt class=\"img-responsive wp-image-2868\" srcset=\"https:\/\/mumissimo.pl\/wp-content\/uploads\/2024\/08\/Poziom_1-200x133.jpg 200w, https:\/\/mumissimo.pl\/wp-content\/uploads\/2024\/08\/Poziom_1-400x267.jpg 400w, https:\/\/mumissimo.pl\/wp-content\/uploads\/2024\/08\/Poziom_1-600x400.jpg 600w, https:\/\/mumissimo.pl\/wp-content\/uploads\/2024\/08\/Poziom_1-800x533.jpg 800w, https:\/\/mumissimo.pl\/wp-content\/uploads\/2024\/08\/Poziom_1-1200x800.jpg 1200w\" sizes=\"(max-width: 1024px) 100vw, (max-width: 740px) 100vw, 600px\" \/><\/span><\/div><\/div><\/div><\/div><\/div><\/p>\n","protected":false},"excerpt":{"rendered":"","protected":false},"author":1,"featured_media":0,"parent":0,"menu_order":0,"comment_status":"closed","ping_status":"closed","template":"100-width.php","meta":{"_acf_changed":false,"footnotes":""},"class_list":["post-2860","page","type-page","status-publish","hentry"],"acf":[],"_links":{"self":[{"href":"https:\/\/mumissimo.pl\/index.php?rest_route=\/wp\/v2\/pages\/2860","targetHints":{"allow":["GET"]}}],"collection":[{"href":"https:\/\/mumissimo.pl\/index.php?rest_route=\/wp\/v2\/pages"}],"about":[{"href":"https:\/\/mumissimo.pl\/index.php?rest_route=\/wp\/v2\/types\/page"}],"author":[{"embeddable":true,"href":"https:\/\/mumissimo.pl\/index.php?rest_route=\/wp\/v2\/users\/1"}],"replies":[{"embeddable":true,"href":"https:\/\/mumissimo.pl\/index.php?rest_route=%2Fwp%2Fv2%2Fcomments&post=2860"}],"version-history":[{"count":13,"href":"https:\/\/mumissimo.pl\/index.php?rest_route=\/wp\/v2\/pages\/2860\/revisions"}],"predecessor-version":[{"id":2908,"href":"https:\/\/mumissimo.pl\/index.php?rest_route=\/wp\/v2\/pages\/2860\/revisions\/2908"}],"wp:attachment":[{"href":"https:\/\/mumissimo.pl\/index.php?rest_route=%2Fwp%2Fv2%2Fmedia&parent=2860"}],"curies":[{"name":"wp","href":"https:\/\/api.w.org\/{rel}","templated":true}]}}